{"id":1954,"date":"2026-03-10T10:36:25","date_gmt":"2026-03-10T10:36:25","guid":{"rendered":"https:\/\/bakertillygabon.com\/?page_id=1954"},"modified":"2026-03-12T10:41:23","modified_gmt":"2026-03-12T10:41:23","slug":"formations-intelligence-artificielleia-cybersecurite","status":"publish","type":"page","link":"https:\/\/bakertillygabon.com\/en\/formations-intelligence-artificielleia-cybersecurite\/","title":{"rendered":"Formations Intelligence Artificielle(IA) &#038; Cybers\u00e9curit\u00e9"},"content":{"rendered":"<div data-elementor-type=\"wp-page\" data-elementor-id=\"1954\" class=\"elementor elementor-1954\">\n\t\t\t\t\t\t\t\t\t<section class=\"elementor-section elementor-top-section elementor-element elementor-element-fa35f11 elementor-section-full_width elementor-section-height-default elementor-section-height-default\" data-id=\"fa35f11\" data-element_type=\"section\">\n\t\t\t\t\t\t<div class=\"elementor-container elementor-column-gap-default\">\n\t\t\t\t\t<div class=\"elementor-column elementor-col-100 elementor-top-column elementor-element elementor-element-99fadc5\" data-id=\"99fadc5\" data-element_type=\"column\">\n\t\t\t<div class=\"elementor-widget-wrap elementor-element-populated\">\n\t\t\t\t\t\t\t\t<div class=\"elementor-element elementor-element-00a1688 elementor-widget elementor-widget-html\" data-id=\"00a1688\" data-element_type=\"widget\" data-widget_type=\"html.default\">\n\t\t\t\t<div class=\"elementor-widget-container\">\n\t\t\t<div class=\"header_formation\">\r\n  <h1>Formations Intelligence Artificielle & Cybers\u00e9curit\u00e9<\/h1>\r\n  <p>Am\u00e9liorez vos comp\u00e9tences, prot\u00e9gez votre entreprise et boostez votre productivit\u00e9<\/p>\r\n<\/div>\r\n\r\n<div class=\"training-container\">\r\n  <p>Dans un monde professionnel en pleine transformation, ma\u00eetriser les outils num\u00e9riques et la cybers\u00e9curit\u00e9 est essentiel.<\/p>\r\n  <p>Notre formation pratique s\u2019adresse aux <strong>professionnels, managers et \u00e9quipes<\/strong> souhaitant :<\/p>\r\n  <ul>\r\n    <li>Comprendre l\u2019intelligence artificielle et ses usages<\/li>\r\n    <li>Optimiser l\u2019utilisation des outils num\u00e9riques<\/li>\r\n    <li>Adopter les bons r\u00e9flexes en cybers\u00e9curit\u00e9<\/li>\r\n  <\/ul>\r\n  <p><strong>Inscrivez-vous d\u00e8s maintenant pour accompagner la digitalisation et s\u00e9curiser vos activit\u00e9s !<\/strong><\/p>\r\n<\/div>\r\n\r\n<section class=\"formations\">\r\n\r\n  <!-- Formation 1 -->\r\n  <div class=\"formation-card ai-box\">\r\n    <h2>L\u2019IA en pratique : faire de l\u2019IA un atout professionnel<\/h2>\r\n    <p><strong>Dates :<\/strong> 31 Mars \u2013 Libreville \/ 7 Avril \u2013 Port-Gentil<\/p>\r\n    <p>D\u00e9couvrez comment l\u2019IA peut automatiser vos t\u00e2ches r\u00e9p\u00e9titives, vous faire gagner du temps et am\u00e9liorer votre productivit\u00e9. Avec des exercices pratiques, apprenez \u00e0 cr\u00e9er vos premiers prompts, g\u00e9n\u00e9rer documents et r\u00e9sum\u00e9s, et int\u00e9grer l\u2019IA dans votre workflow quotidien.<\/p>\r\n    <div class=\"bottom-row\">\r\n      <div class=\"cta-buttons\">\r\n            <a href=\"https:\/\/bakertillygabon.com\/wp-content\/uploads\/2026\/03\/Plan-Detaille-1.1.pdf\" class=\"cta-button\"  target=\"_blank\">T\u00e9l\u00e9charger le programme PDF<\/a>\r\n        <a href=\"https:\/\/bakertillygabon.com\/wp-content\/uploads\/2026\/03\/BULLETIN-1.1-.pdf\" class=\"cta-button\" target=\"_blank\">\r\n           Acc\u00e9der au formulaire d'inscription\r\n        <\/a>\r\n      <\/div>\r\n    <\/div>\r\n  <\/div>\r\n\r\n  <!-- Formation 2 -->\r\n  <div class=\"formation-card ai-box\">\r\n    <h2>L\u2019IA au service de la performance professionnelle<\/h2>\r\n    <p><strong>Dates :<\/strong> 1 Avril \u2013 Libreville \/ 8 Avril \u2013 Port-Gentil<\/p>\r\n    <p>Appliquez l\u2019IA pour r\u00e9soudre vos t\u00e2ches sp\u00e9cifiques. \u00c0 travers des cas pratiques adapt\u00e9s \u00e0 vos besoins professionnels, d\u00e9couvrez comment transformer vos notes, messages ou donn\u00e9es en livrables exploitables, optimiser vos rapports et am\u00e9liorer la collaboration dans votre \u00e9quipe.<\/p>\r\n    <div class=\"bottom-row\">\r\n      <div class=\"cta-buttons\">\r\n        <a href=\"https:\/\/bakertillygabon.com\/wp-content\/uploads\/2026\/03\/Plan-Detaille-1.2.pdf\" class=\"cta-button\" target=\"_blank\">T\u00e9l\u00e9charger le programme PDF<\/a>\r\n        <a href=\"https:\/\/bakertillygabon.com\/wp-content\/uploads\/2026\/03\/BULLETIN-1.2-.pdf\" class=\"cta-button\" target=\"_blank\">\r\n           Acc\u00e9der au formulaire d'inscription\r\n        <\/a>\r\n      <\/div>\r\n    <\/div>\r\n  <\/div>\r\n\r\n  <!-- Formation 3 -->\r\n  <div class=\"formation-card ai-box\">\r\n    <h2>Adopter les bons r\u00e9flexes de cybers\u00e9curit\u00e9 en entreprise<\/h2>\r\n    <p><strong>Dates :<\/strong> 2 Avril \u2013 Libreville \/ 9 Avril \u2013 Port-Gentil<\/p>\r\n    <p>Sensibilisez vos collaborateurs aux risques num\u00e9riques et d\u00e9veloppez des r\u00e9flexes cybers\u00e9curit\u00e9 essentiels. \u00c0 travers des mises en situation pratiques, apprenez \u00e0 identifier les menaces courantes comme le phishing ou le vishing, s\u00e9curiser vos mots de passe et naviguer en toute s\u00e9curit\u00e9.<\/p>\r\n    <div class=\"bottom-row\">\r\n      <div class=\"cta-buttons\">\r\n        <a href=\"https:\/\/bakertillygabon.com\/wp-content\/uploads\/2026\/03\/Plan-Detaille-2.1.pdf\" class=\"cta-button\" target=\"_blank\">T\u00e9l\u00e9charger le programme PDF<\/a>\r\n        <a href=\"https:\/\/bakertillygabon.com\/wp-content\/uploads\/2026\/03\/BULLETIN-2.1-.pdf\" class=\"cta-button\" target=\"_blank\">\r\n           Acc\u00e9der au formulaire d'inscription\r\n        <\/a>\r\n      <\/div>\r\n    <\/div>\r\n  <\/div>\r\n\r\n  <!-- Formation 4 -->\r\n  <div class=\"formation-card ai-box\">\r\n    <h2>Renforcer la cybers\u00e9curit\u00e9 : vigilance et r\u00e9flexes avanc\u00e9s<\/h2>\r\n    <p><strong>Dates :<\/strong> 3 Avril \u2013 Libreville \/ 10 Avril \u2013 Port-Gentil<\/p>\r\n    <p>Ma\u00eetrisez les menaces avanc\u00e9es et les bonnes pratiques pour prot\u00e9ger vos informations et votre organisation. Exp\u00e9rimentez des sc\u00e9narios complexes comme le spear-phishing, les ransomwares et la fraude interne, en prenant des d\u00e9cisions rapides et s\u00e9curis\u00e9es.<\/p>\r\n    <div class=\"bottom-row\">\r\n      <div class=\"cta-buttons\">\r\n        <a href=\"https:\/\/bakertillygabon.com\/wp-content\/uploads\/2026\/03\/Plan-Detaille-2.2.pdf\"\" class=\"cta-button\" target=\"_blank\">T\u00e9l\u00e9charger le programme PDF<\/a>\r\n        <a href=\"https:\/\/bakertillygabon.com\/wp-content\/uploads\/2026\/03\/BULLETIN-2.2-.pdf\" class=\"cta-button\" target=\"_blank\">\r\n           Acc\u00e9der au formulaire d'inscription\r\n        <\/a>\r\n      <\/div>\r\n    <\/div>\r\n  <\/div>\r\n  \r\n   <!-- Centered image -->\r\n  <div class=\"training-image\">\r\n    <img decoding=\"async\" src=\"https:\/\/bakertillygabon.com\/wp-content\/uploads\/2026\/03\/Session-globale-1-725x1024.jpeg\" alt=\"Formation IA & Cybers\u00e9curit\u00e9\" \/>\r\n  <\/div>\r\n\r\n<\/section>\t\t<\/div>\n\t\t\t\t<\/div>\n\t\t\t\t\t<\/div>\n\t\t<\/div>\n\t\t\t\t\t\t\t<\/div>\n\t\t<\/section>\n\t\t\t\t\t\t\t<\/div>","protected":false},"excerpt":{"rendered":"<p>Formations Intelligence Artificielle &#038; Cybers\u00e9curit\u00e9 Am\u00e9liorez vos comp\u00e9tences, prot\u00e9gez votre entreprise et boostez votre productivit\u00e9 Dans un monde professionnel en pleine transformation, ma\u00eetriser les outils num\u00e9riques et la cybers\u00e9curit\u00e9 est essentiel. Notre formation pratique s\u2019adresse aux professionnels, managers et \u00e9quipes souhaitant : Comprendre l\u2019intelligence artificielle et ses usages Optimiser l\u2019utilisation des outils num\u00e9riques Adopter les [&hellip;]<\/p>","protected":false},"author":2,"featured_media":0,"parent":0,"menu_order":0,"comment_status":"closed","ping_status":"closed","template":"elementor_header_footer","meta":{"advgb_blocks_editor_width":"","advgb_blocks_columns_visual_guide":"","footnotes":""},"class_list":["post-1954","page","type-page","status-publish","hentry"],"yoast_head":"<!-- This site is optimized with the Yoast SEO plugin v23.3 - https:\/\/yoast.com\/wordpress\/plugins\/seo\/ -->\n<title>Formations Intelligence Artificielle(IA) &amp; Cybers\u00e9curit\u00e9 - Baker Tilly Gabon<\/title>\n<meta name=\"robots\" content=\"index, follow, max-snippet:-1, max-image-preview:large, max-video-preview:-1\" \/>\n<link rel=\"canonical\" href=\"https:\/\/bakertillygabon.com\/en\/formations-intelligence-artificielleia-cybersecurite\/\" \/>\n<meta property=\"og:locale\" content=\"en_US\" \/>\n<meta property=\"og:type\" content=\"article\" \/>\n<meta property=\"og:title\" content=\"Formations Intelligence Artificielle(IA) &amp; Cybers\u00e9curit\u00e9 - Baker Tilly Gabon\" \/>\n<meta property=\"og:description\" content=\"Formations Intelligence Artificielle &#038; Cybers\u00e9curit\u00e9 Am\u00e9liorez vos comp\u00e9tences, prot\u00e9gez votre entreprise et boostez votre productivit\u00e9 Dans un monde professionnel en pleine transformation, ma\u00eetriser les outils num\u00e9riques et la cybers\u00e9curit\u00e9 est essentiel. Notre formation pratique s\u2019adresse aux professionnels, managers et \u00e9quipes souhaitant : Comprendre l\u2019intelligence artificielle et ses usages Optimiser l\u2019utilisation des outils num\u00e9riques Adopter les [&hellip;]\" \/>\n<meta property=\"og:url\" content=\"https:\/\/bakertillygabon.com\/en\/formations-intelligence-artificielleia-cybersecurite\/\" \/>\n<meta property=\"og:site_name\" content=\"Baker Tilly Gabon\" \/>\n<meta property=\"article:publisher\" content=\"https:\/\/www.facebook.com\/bakertillygabon\" \/>\n<meta property=\"article:modified_time\" content=\"2026-03-12T10:41:23+00:00\" \/>\n<meta property=\"og:image\" content=\"https:\/\/bakertillygabon.com\/wp-content\/uploads\/2026\/03\/Session-globale-1-725x1024.jpeg\" \/>\n<meta name=\"twitter:card\" content=\"summary_large_image\" \/>\n<meta name=\"twitter:site\" content=\"@bakertillygabon\" \/>\n<meta name=\"twitter:label1\" content=\"Est. reading time\" \/>\n\t<meta name=\"twitter:data1\" content=\"2 minutes\" \/>\n<script type=\"application\/ld+json\" class=\"yoast-schema-graph\">{\"@context\":\"https:\/\/schema.org\",\"@graph\":[{\"@type\":\"WebPage\",\"@id\":\"https:\/\/bakertillygabon.com\/formations-intelligence-artificielleia-cybersecurite\/\",\"url\":\"https:\/\/bakertillygabon.com\/formations-intelligence-artificielleia-cybersecurite\/\",\"name\":\"Formations Intelligence Artificielle(IA) & Cybers\u00e9curit\u00e9 - Baker Tilly Gabon\",\"isPartOf\":{\"@id\":\"https:\/\/bakertillygabon.com\/#website\"},\"primaryImageOfPage\":{\"@id\":\"https:\/\/bakertillygabon.com\/formations-intelligence-artificielleia-cybersecurite\/#primaryimage\"},\"image\":{\"@id\":\"https:\/\/bakertillygabon.com\/formations-intelligence-artificielleia-cybersecurite\/#primaryimage\"},\"thumbnailUrl\":\"https:\/\/bakertillygabon.com\/wp-content\/uploads\/2026\/03\/Session-globale-1-725x1024.jpeg\",\"datePublished\":\"2026-03-10T10:36:25+00:00\",\"dateModified\":\"2026-03-12T10:41:23+00:00\",\"breadcrumb\":{\"@id\":\"https:\/\/bakertillygabon.com\/formations-intelligence-artificielleia-cybersecurite\/#breadcrumb\"},\"inLanguage\":\"en-US\",\"potentialAction\":[{\"@type\":\"ReadAction\",\"target\":[\"https:\/\/bakertillygabon.com\/formations-intelligence-artificielleia-cybersecurite\/\"]}]},{\"@type\":\"ImageObject\",\"inLanguage\":\"en-US\",\"@id\":\"https:\/\/bakertillygabon.com\/formations-intelligence-artificielleia-cybersecurite\/#primaryimage\",\"url\":\"https:\/\/bakertillygabon.com\/wp-content\/uploads\/2026\/03\/Session-globale-1-725x1024.jpeg\",\"contentUrl\":\"https:\/\/bakertillygabon.com\/wp-content\/uploads\/2026\/03\/Session-globale-1-725x1024.jpeg\"},{\"@type\":\"BreadcrumbList\",\"@id\":\"https:\/\/bakertillygabon.com\/formations-intelligence-artificielleia-cybersecurite\/#breadcrumb\",\"itemListElement\":[{\"@type\":\"ListItem\",\"position\":1,\"name\":\"Accueil\",\"item\":\"https:\/\/bakertillygabon.com\/\"},{\"@type\":\"ListItem\",\"position\":2,\"name\":\"Formations Intelligence Artificielle(IA) &#038; Cybers\u00e9curit\u00e9\"}]},{\"@type\":\"WebSite\",\"@id\":\"https:\/\/bakertillygabon.com\/#website\",\"url\":\"https:\/\/bakertillygabon.com\/\",\"name\":\"Baker Tilly Gabon\",\"description\":\"\",\"publisher\":{\"@id\":\"https:\/\/bakertillygabon.com\/#organization\"},\"potentialAction\":[{\"@type\":\"SearchAction\",\"target\":{\"@type\":\"EntryPoint\",\"urlTemplate\":\"https:\/\/bakertillygabon.com\/?s={search_term_string}\"},\"query-input\":\"required name=search_term_string\"}],\"inLanguage\":\"en-US\"},{\"@type\":\"Organization\",\"@id\":\"https:\/\/bakertillygabon.com\/#organization\",\"name\":\"Baker Tilly Gabon\",\"url\":\"https:\/\/bakertillygabon.com\/\",\"logo\":{\"@type\":\"ImageObject\",\"inLanguage\":\"en-US\",\"@id\":\"https:\/\/bakertillygabon.com\/#\/schema\/logo\/image\/\",\"url\":\"https:\/\/bakertillygabon.com\/wp-content\/uploads\/2023\/04\/Logo-1.png\",\"contentUrl\":\"https:\/\/bakertillygabon.com\/wp-content\/uploads\/2023\/04\/Logo-1.png\",\"width\":772,\"height\":203,\"caption\":\"Baker Tilly Gabon\"},\"image\":{\"@id\":\"https:\/\/bakertillygabon.com\/#\/schema\/logo\/image\/\"},\"sameAs\":[\"https:\/\/www.facebook.com\/bakertillygabon\",\"https:\/\/x.com\/bakertillygabon\"]}]}<\/script>\n<!-- \/ Yoast SEO plugin. -->","yoast_head_json":{"title":"Formations Intelligence Artificielle(IA) & Cybers\u00e9curit\u00e9 - Baker Tilly Gabon","robots":{"index":"index","follow":"follow","max-snippet":"max-snippet:-1","max-image-preview":"max-image-preview:large","max-video-preview":"max-video-preview:-1"},"canonical":"https:\/\/bakertillygabon.com\/en\/formations-intelligence-artificielleia-cybersecurite\/","og_locale":"en_US","og_type":"article","og_title":"Formations Intelligence Artificielle(IA) & Cybers\u00e9curit\u00e9 - Baker Tilly Gabon","og_description":"Formations Intelligence Artificielle &#038; Cybers\u00e9curit\u00e9 Am\u00e9liorez vos comp\u00e9tences, prot\u00e9gez votre entreprise et boostez votre productivit\u00e9 Dans un monde professionnel en pleine transformation, ma\u00eetriser les outils num\u00e9riques et la cybers\u00e9curit\u00e9 est essentiel. Notre formation pratique s\u2019adresse aux professionnels, managers et \u00e9quipes souhaitant : Comprendre l\u2019intelligence artificielle et ses usages Optimiser l\u2019utilisation des outils num\u00e9riques Adopter les [&hellip;]","og_url":"https:\/\/bakertillygabon.com\/en\/formations-intelligence-artificielleia-cybersecurite\/","og_site_name":"Baker Tilly Gabon","article_publisher":"https:\/\/www.facebook.com\/bakertillygabon","article_modified_time":"2026-03-12T10:41:23+00:00","og_image":[{"url":"https:\/\/bakertillygabon.com\/wp-content\/uploads\/2026\/03\/Session-globale-1-725x1024.jpeg"}],"twitter_card":"summary_large_image","twitter_site":"@bakertillygabon","twitter_misc":{"Est. reading time":"2 minutes"},"schema":{"@context":"https:\/\/schema.org","@graph":[{"@type":"WebPage","@id":"https:\/\/bakertillygabon.com\/formations-intelligence-artificielleia-cybersecurite\/","url":"https:\/\/bakertillygabon.com\/formations-intelligence-artificielleia-cybersecurite\/","name":"Formations Intelligence Artificielle(IA) & Cybers\u00e9curit\u00e9 - Baker Tilly Gabon","isPartOf":{"@id":"https:\/\/bakertillygabon.com\/#website"},"primaryImageOfPage":{"@id":"https:\/\/bakertillygabon.com\/formations-intelligence-artificielleia-cybersecurite\/#primaryimage"},"image":{"@id":"https:\/\/bakertillygabon.com\/formations-intelligence-artificielleia-cybersecurite\/#primaryimage"},"thumbnailUrl":"https:\/\/bakertillygabon.com\/wp-content\/uploads\/2026\/03\/Session-globale-1-725x1024.jpeg","datePublished":"2026-03-10T10:36:25+00:00","dateModified":"2026-03-12T10:41:23+00:00","breadcrumb":{"@id":"https:\/\/bakertillygabon.com\/formations-intelligence-artificielleia-cybersecurite\/#breadcrumb"},"inLanguage":"en-US","potentialAction":[{"@type":"ReadAction","target":["https:\/\/bakertillygabon.com\/formations-intelligence-artificielleia-cybersecurite\/"]}]},{"@type":"ImageObject","inLanguage":"en-US","@id":"https:\/\/bakertillygabon.com\/formations-intelligence-artificielleia-cybersecurite\/#primaryimage","url":"https:\/\/bakertillygabon.com\/wp-content\/uploads\/2026\/03\/Session-globale-1-725x1024.jpeg","contentUrl":"https:\/\/bakertillygabon.com\/wp-content\/uploads\/2026\/03\/Session-globale-1-725x1024.jpeg"},{"@type":"BreadcrumbList","@id":"https:\/\/bakertillygabon.com\/formations-intelligence-artificielleia-cybersecurite\/#breadcrumb","itemListElement":[{"@type":"ListItem","position":1,"name":"Accueil","item":"https:\/\/bakertillygabon.com\/"},{"@type":"ListItem","position":2,"name":"Formations Intelligence Artificielle(IA) &#038; Cybers\u00e9curit\u00e9"}]},{"@type":"WebSite","@id":"https:\/\/bakertillygabon.com\/#website","url":"https:\/\/bakertillygabon.com\/","name":"Baker Tilly Gabon","description":"","publisher":{"@id":"https:\/\/bakertillygabon.com\/#organization"},"potentialAction":[{"@type":"SearchAction","target":{"@type":"EntryPoint","urlTemplate":"https:\/\/bakertillygabon.com\/?s={search_term_string}"},"query-input":"required name=search_term_string"}],"inLanguage":"en-US"},{"@type":"Organization","@id":"https:\/\/bakertillygabon.com\/#organization","name":"Baker Tilly Gabon","url":"https:\/\/bakertillygabon.com\/","logo":{"@type":"ImageObject","inLanguage":"en-US","@id":"https:\/\/bakertillygabon.com\/#\/schema\/logo\/image\/","url":"https:\/\/bakertillygabon.com\/wp-content\/uploads\/2023\/04\/Logo-1.png","contentUrl":"https:\/\/bakertillygabon.com\/wp-content\/uploads\/2023\/04\/Logo-1.png","width":772,"height":203,"caption":"Baker Tilly Gabon"},"image":{"@id":"https:\/\/bakertillygabon.com\/#\/schema\/logo\/image\/"},"sameAs":["https:\/\/www.facebook.com\/bakertillygabon","https:\/\/x.com\/bakertillygabon"]}]}},"coauthors":[],"author_meta":{"author_link":"https:\/\/bakertillygabon.com\/en\/author\/baker-tillyadmin\/","display_name":"baker.tilly@admin"},"relative_dates":{"created":"Posted 2 months ago","modified":"Updated 2 months ago"},"absolute_dates":{"created":"Posted on March 10, 2026","modified":"Updated on March 12, 2026"},"absolute_dates_time":{"created":"Posted on March 10, 2026 10:36 am","modified":"Updated on March 12, 2026 10:41 am"},"featured_img_caption":"","featured_img":false,"series_order":"","_links":{"self":[{"href":"https:\/\/bakertillygabon.com\/en\/wp-json\/wp\/v2\/pages\/1954","targetHints":{"allow":["GET"]}}],"collection":[{"href":"https:\/\/bakertillygabon.com\/en\/wp-json\/wp\/v2\/pages"}],"about":[{"href":"https:\/\/bakertillygabon.com\/en\/wp-json\/wp\/v2\/types\/page"}],"author":[{"embeddable":true,"href":"https:\/\/bakertillygabon.com\/en\/wp-json\/wp\/v2\/users\/2"}],"replies":[{"embeddable":true,"href":"https:\/\/bakertillygabon.com\/en\/wp-json\/wp\/v2\/comments?post=1954"}],"version-history":[{"count":49,"href":"https:\/\/bakertillygabon.com\/en\/wp-json\/wp\/v2\/pages\/1954\/revisions"}],"predecessor-version":[{"id":2040,"href":"https:\/\/bakertillygabon.com\/en\/wp-json\/wp\/v2\/pages\/1954\/revisions\/2040"}],"wp:attachment":[{"href":"https:\/\/bakertillygabon.com\/en\/wp-json\/wp\/v2\/media?parent=1954"}],"curies":[{"name":"wp","href":"https:\/\/api.w.org\/{rel}","templated":true}]}}