{"id":3,"date":"2023-04-12T16:45:34","date_gmt":"2023-04-12T16:45:34","guid":{"rendered":"https:\/\/bakertillygabon.com\/?page_id=3"},"modified":"2023-04-26T12:52:18","modified_gmt":"2023-04-26T12:52:18","slug":"mentions-legales","status":"publish","type":"page","link":"https:\/\/bakertillygabon.com\/en\/mentions-legales\/","title":{"rendered":"Legal information"},"content":{"rendered":"<p><strong>Mentions l\u00e9gales de l\u2019email<\/strong><br \/>Les informations contenues dans le pr\u00e9sent e-mail sont strictement confidentielles et uniquement destin\u00e9es au destinataire. Si vous n\u2019\u00eates pas le destinataire, veuillez nous en informer imm\u00e9diatement et supprimer le message sans le lire. Il est strictement interdit de copier le message sans notre autorisation ou de divulguer son contenu \u00e0 d\u2019autres personnes. Le contenu du pr\u00e9sent e-mail n\u2019est juridiquement contraignant que s\u2019il est confirm\u00e9 par lettre. Bien que le pr\u00e9sent e-mail et les pi\u00e8ces jointes soient cens\u00e9s \u00eatre exempts de virus, il n\u2019est pas possible de le garantir. Nous ne pouvons donc pas \u00eatre tenus responsables de tout dommage qui pourrait en d\u00e9couler.<\/p>\n<p><strong>Mentions l\u00e9gales du site<\/strong><br \/>La pr\u00e9paration du pr\u00e9sent site a fait l\u2019objet du plus grand soin. Baker Tilly\u00a0fait tout ce qui est en son pouvoir pour maintenir r\u00e9guli\u00e8rement \u00e0 jour le pr\u00e9sent site. Elle ne peut toutefois pas garantir l\u2019actualit\u00e9, la pr\u00e9cision, l\u2019exactitude, l\u2019exhaustivit\u00e9 ou l\u2019ad\u00e9quation \u00e0 un usage particulier des informations, donn\u00e9es ou publications. Le contenu du pr\u00e9sent site a pour but de fournir des informations g\u00e9n\u00e9rales aux parties int\u00e9ress\u00e9es. Il n\u2019est pas cens\u00e9 constituer un conseil, ni une offre ou une proposition de contrat, et pas non plus une partie de celle-ci. Nous vous recommandons de contacter un de nos experts qualifi\u00e9s si vous souhaitez des conseils.<\/p>\n<p><strong>Responsabilit\u00e9s<\/strong><br \/>Nous d\u00e9clinons toute responsabilit\u00e9 pour les dommages directs ou indirects r\u00e9sultant de ou li\u00e9s \u00e0 l\u2019acc\u00e8s, la consultation ou l\u2019utilisation des donn\u00e9es, informations, documents et publications, disponibles sur le pr\u00e9sent site, et\/ou \u00e0 l\u2019acc\u00e8s et l\u2019utilisation d&#8217;applications interactives. Le pr\u00e9sent site peut contenir des hyperliens vers des sites de tiers qui ne sont pas contr\u00f4l\u00e9s ou g\u00e9r\u00e9s par Baker Tilly. Nous d\u00e9clinons toute responsabilit\u00e9 li\u00e9e au contenu et \u00e0 l\u2019utilisation des informations sur ces sites, ou au stockage\/traitement des donn\u00e9es \u00e0 caract\u00e8re personnel des utilisateurs de ces sites.<\/p>\n<p><strong>Copyright<\/strong><br \/>Les droits de propri\u00e9t\u00e9 intellectuelle des informations, des publications et des donn\u00e9es fournies sur ce site appartiennent \u00e0 Baker Tilly (Gabon) et sont prot\u00e9g\u00e9s par le droit d\u2019auteur. Il n\u2019est pas permis de reproduire, de stocker dans une base de donn\u00e9es informatique, de divulguer, de distribuer, de transmettre et de vendre, sous quelque forme ou par quelque moyen que ce soit, ind\u00e9pendamment de la forme et des moyens, le moindre \u00e9l\u00e9ment du pr\u00e9sent site, sans l\u2019autorisation \u00e9crite expresse de Baker Tilly (Gabon)<\/p>\n<p><strong>Un membre ind\u00e9pendant<\/strong><br \/>Baker Tilly (Gabon), agissant sous la d\u00e9nomination Baker Tilly est un membre ind\u00e9pendant de Baker Tilly International. Baker Tilly International Limited est une soci\u00e9t\u00e9 anglaise. Baker Tilly International ne fournit pas de services professionnels aux clients. Chaque soci\u00e9t\u00e9 membre est une entit\u00e9 juridique distincte et ind\u00e9pendante, et chacune se d\u00e9finit en tant que telle. [D\u00e9nomination sociale compl\u00e8te] n&#8217;est pas un agent de Baker Tilly International et n&#8217;a pas autorit\u00e9 pour lier Baker Tilly International ou agir au nom de Baker Tilly International. Ni Baker Tilly International, ni [soci\u00e9t\u00e9 membre], ni aucune des autres soci\u00e9t\u00e9s membres de Baker Tilly International n&#8217;est responsable des actes ou omissions des autres. Le nom Baker Tilly et le logo s&#8217;y rapportant sont utilis\u00e9s sous licence de Baker Tilly International Limited.<\/p>\n<p><strong>Cookies<\/strong><br \/>Notre site utilise des cookies. Il s\u2019agit de petits fichiers textes qui sont cr\u00e9\u00e9s par un programme sur le serveur de notre site, mais conserv\u00e9s sur le disque dur de votre PC. Ces cookies sont techniquement n\u00e9cessaires pour une bonne communication entre votre PC et notre site (harmonisation avec le syst\u00e8me d\u2019exploitation et de navigation utilis\u00e9 sur votre PC, conservation de votre choix linguistique, etc.). Ils sont \u00e9galement utilis\u00e9s pour \u00e9valuer et am\u00e9liorer l\u2019utilit\u00e9 des informations fournies et la mani\u00e8re dont elles sont propos\u00e9es. Par souci d\u2019exhaustivit\u00e9, nous attirons votre attention sur le fait que vous pouvez refuser les cookies sur votre PC (ce qui peut avoir une incidence sur la fluidit\u00e9 de la communication avec notre site) ou supprimer (automatiquement) les cookies de votre PC apr\u00e8s chaque consultation de notre site.<\/p>","protected":false},"excerpt":{"rendered":"<p>Mentions l\u00e9gales de l\u2019emailLes informations contenues dans le pr\u00e9sent e-mail sont strictement confidentielles et uniquement destin\u00e9es au destinataire. Si vous n\u2019\u00eates pas le destinataire, veuillez nous en informer imm\u00e9diatement et supprimer le message sans le lire. Il est strictement interdit de copier le message sans notre autorisation ou de divulguer son contenu \u00e0 d\u2019autres personnes. [&hellip;]<\/p>","protected":false},"author":2,"featured_media":0,"parent":0,"menu_order":0,"comment_status":"closed","ping_status":"open","template":"","meta":{"advgb_blocks_editor_width":"","advgb_blocks_columns_visual_guide":"","footnotes":""},"class_list":["post-3","page","type-page","status-publish","hentry"],"yoast_head":"<!-- This site is optimized with the Yoast SEO plugin v23.3 - https:\/\/yoast.com\/wordpress\/plugins\/seo\/ -->\n<title>Mentions l\u00e9gales - Baker Tilly Gabon<\/title>\n<meta name=\"robots\" content=\"index, follow, max-snippet:-1, max-image-preview:large, max-video-preview:-1\" \/>\n<link rel=\"canonical\" href=\"https:\/\/bakertillygabon.com\/en\/mentions-legales\/\" \/>\n<meta property=\"og:locale\" content=\"en_US\" \/>\n<meta property=\"og:type\" content=\"article\" \/>\n<meta property=\"og:title\" content=\"Mentions l\u00e9gales - Baker Tilly Gabon\" \/>\n<meta property=\"og:description\" content=\"Mentions l\u00e9gales de l\u2019emailLes informations contenues dans le pr\u00e9sent e-mail sont strictement confidentielles et uniquement destin\u00e9es au destinataire. Si vous n\u2019\u00eates pas le destinataire, veuillez nous en informer imm\u00e9diatement et supprimer le message sans le lire. Il est strictement interdit de copier le message sans notre autorisation ou de divulguer son contenu \u00e0 d\u2019autres personnes. [&hellip;]\" \/>\n<meta property=\"og:url\" content=\"https:\/\/bakertillygabon.com\/en\/mentions-legales\/\" \/>\n<meta property=\"og:site_name\" content=\"Baker Tilly Gabon\" \/>\n<meta property=\"article:publisher\" content=\"https:\/\/www.facebook.com\/bakertillygabon\" \/>\n<meta property=\"article:modified_time\" content=\"2023-04-26T12:52:18+00:00\" \/>\n<meta name=\"twitter:card\" content=\"summary_large_image\" \/>\n<meta name=\"twitter:site\" content=\"@bakertillygabon\" \/>\n<meta name=\"twitter:label1\" content=\"Est. reading time\" \/>\n\t<meta name=\"twitter:data1\" content=\"4 minutes\" \/>\n<script type=\"application\/ld+json\" class=\"yoast-schema-graph\">{\"@context\":\"https:\/\/schema.org\",\"@graph\":[{\"@type\":\"WebPage\",\"@id\":\"https:\/\/bakertillygabon.com\/mentions-legales\/\",\"url\":\"https:\/\/bakertillygabon.com\/mentions-legales\/\",\"name\":\"Mentions l\u00e9gales - Baker Tilly Gabon\",\"isPartOf\":{\"@id\":\"https:\/\/bakertillygabon.com\/#website\"},\"datePublished\":\"2023-04-12T16:45:34+00:00\",\"dateModified\":\"2023-04-26T12:52:18+00:00\",\"breadcrumb\":{\"@id\":\"https:\/\/bakertillygabon.com\/mentions-legales\/#breadcrumb\"},\"inLanguage\":\"en-US\",\"potentialAction\":[{\"@type\":\"ReadAction\",\"target\":[\"https:\/\/bakertillygabon.com\/mentions-legales\/\"]}]},{\"@type\":\"BreadcrumbList\",\"@id\":\"https:\/\/bakertillygabon.com\/mentions-legales\/#breadcrumb\",\"itemListElement\":[{\"@type\":\"ListItem\",\"position\":1,\"name\":\"Accueil\",\"item\":\"https:\/\/bakertillygabon.com\/\"},{\"@type\":\"ListItem\",\"position\":2,\"name\":\"Mentions l\u00e9gales\"}]},{\"@type\":\"WebSite\",\"@id\":\"https:\/\/bakertillygabon.com\/#website\",\"url\":\"https:\/\/bakertillygabon.com\/\",\"name\":\"Baker Tilly Gabon\",\"description\":\"\",\"publisher\":{\"@id\":\"https:\/\/bakertillygabon.com\/#organization\"},\"potentialAction\":[{\"@type\":\"SearchAction\",\"target\":{\"@type\":\"EntryPoint\",\"urlTemplate\":\"https:\/\/bakertillygabon.com\/?s={search_term_string}\"},\"query-input\":\"required name=search_term_string\"}],\"inLanguage\":\"en-US\"},{\"@type\":\"Organization\",\"@id\":\"https:\/\/bakertillygabon.com\/#organization\",\"name\":\"Baker Tilly Gabon\",\"url\":\"https:\/\/bakertillygabon.com\/\",\"logo\":{\"@type\":\"ImageObject\",\"inLanguage\":\"en-US\",\"@id\":\"https:\/\/bakertillygabon.com\/#\/schema\/logo\/image\/\",\"url\":\"https:\/\/bakertillygabon.com\/wp-content\/uploads\/2023\/04\/Logo-1.png\",\"contentUrl\":\"https:\/\/bakertillygabon.com\/wp-content\/uploads\/2023\/04\/Logo-1.png\",\"width\":772,\"height\":203,\"caption\":\"Baker Tilly Gabon\"},\"image\":{\"@id\":\"https:\/\/bakertillygabon.com\/#\/schema\/logo\/image\/\"},\"sameAs\":[\"https:\/\/www.facebook.com\/bakertillygabon\",\"https:\/\/x.com\/bakertillygabon\"]}]}<\/script>\n<!-- \/ Yoast SEO plugin. -->","yoast_head_json":{"title":"Mentions l\u00e9gales - Baker Tilly Gabon","robots":{"index":"index","follow":"follow","max-snippet":"max-snippet:-1","max-image-preview":"max-image-preview:large","max-video-preview":"max-video-preview:-1"},"canonical":"https:\/\/bakertillygabon.com\/en\/mentions-legales\/","og_locale":"en_US","og_type":"article","og_title":"Mentions l\u00e9gales - Baker Tilly Gabon","og_description":"Mentions l\u00e9gales de l\u2019emailLes informations contenues dans le pr\u00e9sent e-mail sont strictement confidentielles et uniquement destin\u00e9es au destinataire. Si vous n\u2019\u00eates pas le destinataire, veuillez nous en informer imm\u00e9diatement et supprimer le message sans le lire. Il est strictement interdit de copier le message sans notre autorisation ou de divulguer son contenu \u00e0 d\u2019autres personnes. [&hellip;]","og_url":"https:\/\/bakertillygabon.com\/en\/mentions-legales\/","og_site_name":"Baker Tilly Gabon","article_publisher":"https:\/\/www.facebook.com\/bakertillygabon","article_modified_time":"2023-04-26T12:52:18+00:00","twitter_card":"summary_large_image","twitter_site":"@bakertillygabon","twitter_misc":{"Est. reading time":"4 minutes"},"schema":{"@context":"https:\/\/schema.org","@graph":[{"@type":"WebPage","@id":"https:\/\/bakertillygabon.com\/mentions-legales\/","url":"https:\/\/bakertillygabon.com\/mentions-legales\/","name":"Mentions l\u00e9gales - Baker Tilly Gabon","isPartOf":{"@id":"https:\/\/bakertillygabon.com\/#website"},"datePublished":"2023-04-12T16:45:34+00:00","dateModified":"2023-04-26T12:52:18+00:00","breadcrumb":{"@id":"https:\/\/bakertillygabon.com\/mentions-legales\/#breadcrumb"},"inLanguage":"en-US","potentialAction":[{"@type":"ReadAction","target":["https:\/\/bakertillygabon.com\/mentions-legales\/"]}]},{"@type":"BreadcrumbList","@id":"https:\/\/bakertillygabon.com\/mentions-legales\/#breadcrumb","itemListElement":[{"@type":"ListItem","position":1,"name":"Accueil","item":"https:\/\/bakertillygabon.com\/"},{"@type":"ListItem","position":2,"name":"Mentions l\u00e9gales"}]},{"@type":"WebSite","@id":"https:\/\/bakertillygabon.com\/#website","url":"https:\/\/bakertillygabon.com\/","name":"Baker Tilly Gabon","description":"","publisher":{"@id":"https:\/\/bakertillygabon.com\/#organization"},"potentialAction":[{"@type":"SearchAction","target":{"@type":"EntryPoint","urlTemplate":"https:\/\/bakertillygabon.com\/?s={search_term_string}"},"query-input":"required name=search_term_string"}],"inLanguage":"en-US"},{"@type":"Organization","@id":"https:\/\/bakertillygabon.com\/#organization","name":"Baker Tilly Gabon","url":"https:\/\/bakertillygabon.com\/","logo":{"@type":"ImageObject","inLanguage":"en-US","@id":"https:\/\/bakertillygabon.com\/#\/schema\/logo\/image\/","url":"https:\/\/bakertillygabon.com\/wp-content\/uploads\/2023\/04\/Logo-1.png","contentUrl":"https:\/\/bakertillygabon.com\/wp-content\/uploads\/2023\/04\/Logo-1.png","width":772,"height":203,"caption":"Baker Tilly Gabon"},"image":{"@id":"https:\/\/bakertillygabon.com\/#\/schema\/logo\/image\/"},"sameAs":["https:\/\/www.facebook.com\/bakertillygabon","https:\/\/x.com\/bakertillygabon"]}]}},"coauthors":[],"author_meta":{"author_link":"https:\/\/bakertillygabon.com\/en\/author\/baker-tillyadmin\/","display_name":"baker.tilly@admin"},"relative_dates":{"created":"Posted 3 years ago","modified":"Updated 3 years ago"},"absolute_dates":{"created":"Posted on April 12, 2023","modified":"Updated on April 26, 2023"},"absolute_dates_time":{"created":"Posted on April 12, 2023 4:45 pm","modified":"Updated on April 26, 2023 12:52 pm"},"featured_img_caption":"","featured_img":false,"series_order":"","_links":{"self":[{"href":"https:\/\/bakertillygabon.com\/en\/wp-json\/wp\/v2\/pages\/3","targetHints":{"allow":["GET"]}}],"collection":[{"href":"https:\/\/bakertillygabon.com\/en\/wp-json\/wp\/v2\/pages"}],"about":[{"href":"https:\/\/bakertillygabon.com\/en\/wp-json\/wp\/v2\/types\/page"}],"author":[{"embeddable":true,"href":"https:\/\/bakertillygabon.com\/en\/wp-json\/wp\/v2\/users\/2"}],"replies":[{"embeddable":true,"href":"https:\/\/bakertillygabon.com\/en\/wp-json\/wp\/v2\/comments?post=3"}],"version-history":[{"count":1,"href":"https:\/\/bakertillygabon.com\/en\/wp-json\/wp\/v2\/pages\/3\/revisions"}],"predecessor-version":[{"id":609,"href":"https:\/\/bakertillygabon.com\/en\/wp-json\/wp\/v2\/pages\/3\/revisions\/609"}],"wp:attachment":[{"href":"https:\/\/bakertillygabon.com\/en\/wp-json\/wp\/v2\/media?parent=3"}],"curies":[{"name":"wp","href":"https:\/\/api.w.org\/{rel}","templated":true}]}}